{"id":57,"date":"2020-11-16T20:03:48","date_gmt":"2020-11-16T20:03:48","guid":{"rendered":"https:\/\/blog.robinzinnert.de\/?page_id=57"},"modified":"2024-08-11T10:19:52","modified_gmt":"2024-08-11T10:19:52","slug":"ueber-mich","status":"publish","type":"page","link":"https:\/\/blog.robinzinnert.de\/?page_id=57","title":{"rendered":"\u00dcber mich"},"content":{"rendered":"\n<p>Hi! Ich bin Robin, 32 Jahre alt, und im sch\u00f6nen Bischofsgr\u00fcn im Fichtelgebirge aufgewachsen. Seit mittlerweile unz\u00e4hligen Jahren versuche ich ein paar sch\u00f6ne Momente in Bildern festzuhalten. Auch wenn der Fokus auf dieser Website auf den Themengebieten Landschaft \/ Natur liegen soll, so fotografiere ich in meiner Freizeit beinahe alles was so passiert. Zu einem gro\u00dfen Teil waren dies bisher noch Sport (Fu\u00dfball, Handball, Snowboarden, Motorsport), Autos aber auch auch das ein oder andere Portrait.<\/p>\n\n\n\n<p>Auf dieser Website m\u00f6chte ich einen Einblick in einige meiner Fotos geben. Ich freue mich daher auf einen Besuch in der Galerie oder gerne auch in meinen Blog.<\/p>\n\n\n\n<figure class=\"wp-block-image size-large\"><img loading=\"lazy\" decoding=\"async\" width=\"1024\" height=\"683\" src=\"https:\/\/blog.robinzinnert.de\/wp-content\/uploads\/2021\/08\/IMG_0072-1024x683.jpg\" alt=\"\" class=\"wp-image-191\" srcset=\"https:\/\/blog.robinzinnert.de\/wp-content\/uploads\/2021\/08\/IMG_0072-1024x683.jpg 1024w, https:\/\/blog.robinzinnert.de\/wp-content\/uploads\/2021\/08\/IMG_0072-300x200.jpg 300w, https:\/\/blog.robinzinnert.de\/wp-content\/uploads\/2021\/08\/IMG_0072-768x512.jpg 768w, https:\/\/blog.robinzinnert.de\/wp-content\/uploads\/2021\/08\/IMG_0072-1536x1024.jpg 1536w, https:\/\/blog.robinzinnert.de\/wp-content\/uploads\/2021\/08\/IMG_0072-2048x1366.jpg 2048w\" sizes=\"auto, (max-width: 1024px) 100vw, 1024px\" \/><\/figure>\n","protected":false},"excerpt":{"rendered":"<p>Hi! Ich bin Robin, 32 Jahre alt, und im sch\u00f6nen Bischofsgr\u00fcn im Fichtelgebirge aufgewachsen. Seit mittlerweile unz\u00e4hligen Jahren versuche ich ein paar sch\u00f6ne Momente in Bildern festzuhalten. Auch wenn der Fokus auf dieser Website auf den Themengebieten Landschaft \/ Natur liegen soll, so fotografiere ich in meiner Freizeit beinahe alles was so passiert. Zu einem [&hellip;]<\/p>\n","protected":false},"author":1,"featured_media":0,"parent":0,"menu_order":0,"comment_status":"closed","ping_status":"closed","template":"","meta":{"footnotes":""},"class_list":["post-57","page","type-page","status-publish","czr-hentry"],"_links":{"self":[{"href":"https:\/\/blog.robinzinnert.de\/index.php?rest_route=\/wp\/v2\/pages\/57","targetHints":{"allow":["GET"]}}],"collection":[{"href":"https:\/\/blog.robinzinnert.de\/index.php?rest_route=\/wp\/v2\/pages"}],"about":[{"href":"https:\/\/blog.robinzinnert.de\/index.php?rest_route=\/wp\/v2\/types\/page"}],"author":[{"embeddable":true,"href":"https:\/\/blog.robinzinnert.de\/index.php?rest_route=\/wp\/v2\/users\/1"}],"replies":[{"embeddable":true,"href":"https:\/\/blog.robinzinnert.de\/index.php?rest_route=%2Fwp%2Fv2%2Fcomments&post=57"}],"version-history":[{"count":3,"href":"https:\/\/blog.robinzinnert.de\/index.php?rest_route=\/wp\/v2\/pages\/57\/revisions"}],"predecessor-version":[{"id":653,"href":"https:\/\/blog.robinzinnert.de\/index.php?rest_route=\/wp\/v2\/pages\/57\/revisions\/653"}],"wp:attachment":[{"href":"https:\/\/blog.robinzinnert.de\/index.php?rest_route=%2Fwp%2Fv2%2Fmedia&parent=57"}],"curies":[{"name":"wp","href":"https:\/\/api.w.org\/{rel}","templated":true}]}}